{"id":370,"date":"2022-10-13T08:04:04","date_gmt":"2022-10-13T08:04:04","guid":{"rendered":"https:\/\/evaluation24h.ca\/?page_id=370"},"modified":"2023-07-06T05:41:52","modified_gmt":"2023-07-06T03:41:52","slug":"home","status":"publish","type":"page","link":"https:\/\/evaluation24h.ca\/fr_ca\/","title":{"rendered":"Home"},"content":{"rendered":"<div class=\"wp-block-uagb-container uagb-block-80605179 alignfull uagb-is-root-container\"><div class=\"uagb-container-inner-blocks-wrap\">\n<div class=\"wp-block-uagb-container uagb-block-8d644bc2\">\n<div class=\"wp-block-uagb-container uagb-block-75ad64a8\">\n<div class=\"wp-block-uagb-buttons uagb-buttons__outer-wrap uagb-btn__default-btn uagb-btn-tablet__default-btn uagb-btn-mobile__default-btn uagb-block-16a3b299\"><div class=\"uagb-buttons__wrap uagb-buttons-layout-wrap\">\n<div class=\"wp-block-uagb-buttons-child uagb-buttons__outer-wrap uagb-block-64a5d9b1 wp-block-button\"><div class=\"uagb-button__wrapper\"><a class=\"uagb-buttons-repeater wp-block-button__link\" href=\"tel:4388684532\" onclick=\"return true;\" rel=\"nofollow noopener\" target=\"_self\"><span class=\"uagb-button__icon uagb-button__icon-position-before\"><svg xmlns=\"https:\/\/www.w3.org\/2000\/svg\" viewbox=\"0 0 384 512\"><path d=\"M304 0h-224c-35.35 0-64 28.65-64 64v384c0 35.35 28.65 64 64 64h224c35.35 0 64-28.65 64-64V64C368 28.65 339.3 0 304 0zM192 480c-17.75 0-32-14.25-32-32s14.25-32 32-32s32 14.25 32 32S209.8 480 192 480zM304 64v320h-224V64H304z\"><\/path><\/svg><\/span><div class=\"uagb-button__link\">+1 438-868-4532\u200b<\/div><\/a><\/div><\/div>\n<\/div><\/div>\n\n\n\n<div class=\"wp-block-uagb-advanced-heading uagb-block-2df13715\" id=\"top-page-evaluation\"><h1 class=\"uagb-heading-text\"><br><strong>Combien pourriez-vous vendre votre propri\u00e9t\u00e9 ?<\/strong><\/h1><p class=\"uagb-desc-text\">Bien s\u00fbr, je serais heureux de vous rendre visite personnellement pour une \u00e9valuation pr\u00e9cise \u00e0 domicile.<br><a href=\"https:\/\/evaluation24h.ca\/fr_ca\/\"><\/a><\/p><\/div>\n<\/div>\n\n\n\n<div class=\"wp-block-uagb-container uagb-block-cca6997a\">\n<div class=\"wp-block-uagb-advanced-heading uagb-block-6c103d04\"><\/div>\n\n\n\n<div class=\"wp-block-uagb-advanced-heading uagb-block-c9881ece\"><h3 class=\"uagb-heading-text\"><br>Obtenir mon rapport d&#8217;\u00e9valuation<\/h3><\/div>\n\n\n\n<div class=\"wp-block-uagb-icon-list uagb-block-296f9592\"><div class=\"uagb-icon-list__wrap\">\n<div class=\"wp-block-uagb-icon-list-child uagb-block-4596710f\"><span class=\"uagb-icon-list__source-wrap\"><svg xmlns=\"https:\/\/www.w3.org\/2000\/svg\" viewbox=\"0 0 640 512\"><path d=\"M271.1 367.5L227.9 313.7c-8.688-10.78-23.69-14.51-36.47-8.974l-108.5 46.51c-13.91 6-21.49 21.19-18.11 35.79l23.25 100.8C91.32 502 103.8 512 118.5 512c107.4 0 206.1-37.46 284.2-99.65l-88.75-69.56C300.6 351.9 286.6 360.3 271.1 367.5zM630.8 469.1l-159.6-125.1c65.03-78.97 104.7-179.5 104.7-289.5c0-14.66-9.969-27.2-24.22-30.45L451 .8125c-14.69-3.406-29.73 4.213-35.82 18.12l-46.52 108.5c-5.438 12.78-1.771 27.67 8.979 36.45l53.82 44.08C419.2 232.1 403.9 256.2 386.2 277.4L38.81 5.111C34.41 1.673 29.19 0 24.03 0C16.91 0 9.84 3.158 5.121 9.189c-8.188 10.44-6.37 25.53 4.068 33.7l591.1 463.1c10.5 8.203 25.57 6.328 33.69-4.078C643.1 492.4 641.2 477.3 630.8 469.1z\"><\/path><\/svg><\/span><span class=\"uagb-icon-list__label\">AUCUN APPEL<\/span><\/div>\n\n\n\n<div class=\"wp-block-uagb-icon-list-child uagb-block-dbb6e07f\"><span class=\"uagb-icon-list__source-wrap\"><svg xmlns=\"https:\/\/www.w3.org\/2000\/svg\" viewbox=\"0 0 512 512\"><path d=\"M256-.0078C260.7-.0081 265.2 1.008 269.4 2.913L457.7 82.79C479.7 92.12 496.2 113.8 496 139.1C495.5 239.2 454.7 420.7 282.4 503.2C265.7 511.1 246.3 511.1 229.6 503.2C57.25 420.7 16.49 239.2 15.1 139.1C15.87 113.8 32.32 92.12 54.3 82.79L242.7 2.913C246.8 1.008 251.4-.0081 256-.0078V-.0078zM256 444.8C393.1 378 431.1 230.1 432 141.4L256 66.77L256 444.8z\"><\/path><\/svg><\/span><span class=\"uagb-icon-list__label\">AUCUN SPAM<\/span><\/div>\n\n\n\n<div class=\"wp-block-uagb-icon-list-child uagb-block-bb6e5451\"><span class=\"uagb-icon-list__source-wrap\"><svg xmlns=\"https:\/\/www.w3.org\/2000\/svg\" viewbox=\"0 0 512 512\"><path d=\"M470.7 9.441C473.7 12.49 476 16 477.6 19.75C479.1 23.5 479.1 27.6 480 31.9V32V128C480 145.7 465.7 160 448 160C430.3 160 416 145.7 416 128V109.3L310.6 214.6C298.8 226.5 279.9 227.2 267.2 216.3L175.1 138.1L84.82 216.3C71.41 227.8 51.2 226.2 39.7 212.8C28.2 199.4 29.76 179.2 43.17 167.7L155.2 71.7C167.2 61.43 184.8 61.43 196.8 71.7L286.3 148.4L370.7 64H352C334.3 64 320 49.67 320 32C320 14.33 334.3 0 352 0H447.1C456.8 0 464.8 3.554 470.6 9.305L470.7 9.441zM0 304C0 277.5 21.49 256 48 256H464C490.5 256 512 277.5 512 304V464C512 490.5 490.5 512 464 512H48C21.49 512 0 490.5 0 464V304zM48 464H96C96 437.5 74.51 416 48 416V464zM48 304V352C74.51 352 96 330.5 96 304H48zM464 416C437.5 416 416 437.5 416 464H464V416zM416 304C416 330.5 437.5 352 464 352V304H416zM256 320C220.7 320 192 348.7 192 384C192 419.3 220.7 448 256 448C291.3 448 320 419.3 320 384C320 348.7 291.3 320 256 320z\"><\/path><\/svg><\/span><span class=\"uagb-icon-list__label\">SIMPLEMENT VOTRE \u00c9VALUATION GRATUITE<\/span><\/div>\n<\/div><\/div>\n\n\n\n<h6 class=\"wp-block-heading has-ast-global-color-8-color has-text-color has-medium-font-size\" style=\"font-style:normal;font-weight:500\">Veuillez remplir les informations ci-dessous pour une\u00a0\u00c9VALUATION INSTANTAN\u00c9E DE VOTRE PROPRI\u00c9T\u00c9<\/h6>\n\n\n\n<div class=\"wp-block-contact-form-7-contact-form-selector\">\n<div class=\"wpcf7 no-js\" id=\"wpcf7-f396-o1\" lang=\"fr-FR\" dir=\"ltr\" data-wpcf7-id=\"396\">\n<div class=\"screen-reader-response\"><p role=\"status\" aria-live=\"polite\" aria-atomic=\"true\"><\/p> <ul><\/ul><\/div>\n<form action=\"\/fr_ca\/wp-json\/wp\/v2\/pages\/370#wpcf7-f396-o1\" method=\"post\" class=\"wpcf7-form init\" aria-label=\"Formulaire de contact\" novalidate=\"novalidate\" data-status=\"init\" data-trp-original-action=\"\/fr_ca\/wp-json\/wp\/v2\/pages\/370#wpcf7-f396-o1\">\n<div style=\"display: none;\">\n<input type=\"hidden\" name=\"_wpcf7\" value=\"396\" \/>\n<input type=\"hidden\" name=\"_wpcf7_version\" value=\"6.0.2\" \/>\n<input type=\"hidden\" name=\"_wpcf7_locale\" value=\"fr_FR\" \/>\n<input type=\"hidden\" name=\"_wpcf7_unit_tag\" value=\"wpcf7-f396-o1\" \/>\n<input type=\"hidden\" name=\"_wpcf7_container_post\" value=\"0\" \/>\n<input type=\"hidden\" name=\"_wpcf7_posted_data_hash\" value=\"\" \/>\n<\/div>\n<p><label> E-mail *<br \/>\n<span class=\"wpcf7-form-control-wrap\" data-name=\"your-email\"><input size=\"40\" maxlength=\"400\" class=\"wpcf7-form-control wpcf7-email wpcf7-validates-as-required wpcf7-text wpcf7-validates-as-email\" autocomplete=\"email\" aria-required=\"true\" aria-invalid=\"false\" value=\"\" type=\"email\" name=\"your-email\" \/><\/span> <\/label>\n<\/p>\n<p><label> Adresse *<br \/>\n<span class=\"wpcf7-form-control-wrap\" data-name=\"address\"><textarea cols=\"10\" rows=\"2\" maxlength=\"2000\" class=\"wpcf7-form-control wpcf7-textarea wpcf7-validates-as-required\" aria-required=\"true\" aria-invalid=\"false\" placeholder=\"Adresse\" name=\"address\"><\/textarea><\/span> <\/label>\n<\/p>\n<p><input class=\"wpcf7-form-control wpcf7-submit has-spinner\" type=\"submit\" value=\"Obtenir mon rapport d&#039;\u00e9valuation\" \/>\n<\/p><p style=\"display: none !important;\" class=\"akismet-fields-container\" data-prefix=\"_wpcf7_ak_\"><label>&#916;<textarea name=\"_wpcf7_ak_hp_textarea\" cols=\"45\" rows=\"8\" maxlength=\"100\"><\/textarea><\/label><input type=\"hidden\" id=\"ak_js_1\" name=\"_wpcf7_ak_js\" value=\"92\"\/><script>document.getElementById( \"ak_js_1\" ).setAttribute( \"value\", ( new Date() ).getTime() );<\/script><\/p><div class=\"wpcf7-response-output\" aria-hidden=\"true\"><\/div>\n<input type=\"hidden\" name=\"trp-form-language\" value=\"fr_ca\"\/><\/form>\n<\/div>\n<\/div>\n<\/div>\n<\/div>\n<\/div><\/div>\n\n\n\n<div class=\"wp-block-uagb-container uagb-block-4964bf16 alignfull uagb-is-root-container\"><div class=\"uagb-container-inner-blocks-wrap\">\n<div class=\"wp-block-uagb-container uagb-block-1248a446\">\n<div class=\"wp-block-uagb-container uagb-block-04664b90\">\n<div class=\"wp-block-uagb-info-box uagb-block-c759cb10 uagb-infobox__content-wrap  uagb-infobox-icon-above-title uagb-infobox-image-valign-top\"><div class=\"uagb-ifb-content\"><div class=\"uagb-ifb-title-wrap\"><h2 class=\"uagb-ifb-title\">\u00c0 PROPOS<\/h2><\/div><div class=\"uagb-ifb-separator\"><\/div><p class=\"uagb-ifb-desc\">De la NFL au courtage immobilier r\u00e9sidentiel, je poss\u00e8de \u00e9galement un Baccalaur\u00e9at en Finance et une ma\u00eetrise en Administration.<br><br>C&#8217;est le rapport humain ainsi que le d\u00e9sir d&#8217;aider les gens qui m&#8217;a pouss\u00e9 \u00e0 me lancer dans le domaine du courtage immobilier.&nbsp;Il est primordial pour moi d&#8217;\u00eatre pr\u00e9sent pour mes clients, de les conseiller, de prot\u00e9ger leurs int\u00e9r\u00eats et d&#8217;offrir une TRANQUILLI-T d&#8217;esprit tout au long du processus.&nbsp;&nbsp;<br><br>Ayant une \u00e9thique de travail hors pairs, je m&#8217;assure de traiter chacun de mes dossiers rigoureusement tout en m&#8217;assurant que les besoins de mes clients soient r\u00e9pondus en tout temps.&nbsp; En travaillant avec moi, vous rejoignez maintenant une famille qui prendra soin de vous et qui sera surtout pr\u00e9sente pour les diff\u00e9rents besoins que vous aurez tant durant les premi\u00e8res \u00e9tapes qu&#8217;apr\u00e8s la concr\u00e9tisation de tout.&nbsp;<br><\/p><\/div><\/div>\n\n\n\n<div class=\"wp-block-uagb-advanced-heading uagb-block-d1f75829\"><p class=\"uagb-heading-text\">Que ce soit pour vendre, acheter ou investir, vous trouverez un service professionnel, droit et humain.&nbsp; N&#8217;h\u00e9sitez pas \u00e0 me contacter et me r\u00e9f\u00e9rer, afin que nous puissions r\u00e9aliser vos projets et ceux de vos proches ensemble.<\/p><div class=\"uagb-separator\"><\/div><\/div>\n<\/div>\n\n\n\n<div class=\"wp-block-uagb-container uagb-block-f9f5e4f9\">\n<figure class=\"wp-block-image size-large is-resized\"><img loading=\"lazy\" decoding=\"async\" src=\"https:\/\/evaluation24h.ca\/wp-content\/uploads\/2023\/07\/video_image-mU9ssnk56-1024x1024.png\" alt=\"\" class=\"wp-image-442\" width=\"1125\" height=\"1125\" srcset=\"https:\/\/evaluation24h.ca\/wp-content\/uploads\/2023\/07\/video_image-mU9ssnk56-1024x1024.png 1024w, https:\/\/evaluation24h.ca\/wp-content\/uploads\/2023\/07\/video_image-mU9ssnk56-300x300.png 300w, https:\/\/evaluation24h.ca\/wp-content\/uploads\/2023\/07\/video_image-mU9ssnk56-150x150.png 150w, https:\/\/evaluation24h.ca\/wp-content\/uploads\/2023\/07\/video_image-mU9ssnk56-768x768.png 768w, https:\/\/evaluation24h.ca\/wp-content\/uploads\/2023\/07\/video_image-mU9ssnk56-1536x1536.png 1536w, https:\/\/evaluation24h.ca\/wp-content\/uploads\/2023\/07\/video_image-mU9ssnk56-12x12.png 12w, https:\/\/evaluation24h.ca\/wp-content\/uploads\/2023\/07\/video_image-mU9ssnk56.png 1792w\" sizes=\"auto, (max-width: 1125px) 100vw, 1125px\" \/><\/figure>\n<\/div>\n<\/div>\n<\/div><\/div>\n\n\n\n<div class=\"wp-block-uagb-container uagb-block-39947ba1 alignfull uagb-is-root-container\"><div class=\"uagb-container-inner-blocks-wrap\">\n<div class=\"wp-block-uagb-info-box uagb-block-337c2f2b uagb-infobox__content-wrap  uagb-infobox-icon-above-title uagb-infobox-image-valign-top\"><div class=\"uagb-ifb-content\"><div class=\"uagb-ifb-title-wrap\"><h2 class=\"uagb-ifb-title\">CE QUE DISENT LES AUTRES<\/h2><\/div><div class=\"uagb-ifb-separator\"><\/div><\/div><\/div>\n\n\n\n<div class=\"wp-block-uagb-testimonial uagb-slick-carousel uagb-tm__arrow-outside uagb-block-245bae32\"><div class=\"is-carousel uagb-tm__columns-1 uagb-tm__items\"><div class=\"uagb-testimonial__wrap  uagb-tm__imgicon-style-circle uagb-tm__image-position-bottom uagb-tm__bg-type-none\"><div class=\"uagb-tm__content\"><div class=\"uagb-tm__overlay\"><\/div><div class=\"uagb-tm__text-wrap\"><div class=\"uagb-tm__desc\">&#8220;Nous avons eu une superbe exp\u00e9rience d\u2019achat et vente avec Medhi. Il est \u00e0 l\u2019\u00e9coute de nos besoins et offre un excellent service comme courtier immobilier. Pour la vente de notre propri\u00e9t\u00e9 elle a \u00e9t\u00e9 vendue en moins de 24hrs offres multiples!! Je le recommanderai sans h\u00e9sitation.&#8221;<\/div><div class=\"uagb-tm__meta-inner\"><div class=\"uagb-testimonial-details\"><span class=\"uagb-tm__author-name\"><strong>&#8211;<\/strong><a href=\"https:\/\/www.google.com\/maps\/contrib\/117779773501174806779?hl=en-US&amp;sa=X&amp;ved=2ahUKEwjh6OWgj_b_AhVPEFkFHWk9BJAQvvQBegQIARA9\">Christina Da Silva<\/a><\/span><span class=\"uagb-tm__company\"><\/span><\/div><\/div><\/div><\/div><\/div><div class=\"uagb-testimonial__wrap  uagb-tm__imgicon-style-circle uagb-tm__image-position-bottom uagb-tm__bg-type-none\"><div class=\"uagb-tm__content\"><div class=\"uagb-tm__overlay\"><\/div><div class=\"uagb-tm__text-wrap\"><div class=\"uagb-tm__desc\"><em>&#8220;<\/em>Je pouvais laisser 6 \u00e9toiles \u00e0 Mehdi, je le ferais.<br><br>Il nous a aid\u00e9, ma conjointe et moi, \u00e0 vendre notre condo et en acheter un autre en peu de temps et dans un march\u00e9 difficile.<br><br>Il a \u00e9t\u00e9 d\u2019un support irr\u00e9prochable et nous \u00e0 fait sentir que nous \u00e9tions entre bonnes mains depuis le jour 1. Toujours agr\u00e9able et disponible aussi.<br><br>Plus jeune, j\u2019admirais Mehdi pour ces prouesses sur le terrain de football. Aujourd\u2019hui, je l\u2019admire pour son talent en tant que courtier immobilier.<em>&#8220;<\/em><\/div><div class=\"uagb-tm__meta-inner\"><div class=\"uagb-testimonial-details\"><span class=\"uagb-tm__author-name\"><strong>&#8211;<\/strong><a href=\"https:\/\/www.google.com\/maps\/contrib\/115934011012373967343?hl=en-US&amp;sa=X&amp;ved=2ahUKEwivwr7djvb_AhW6GFkFHYT8D0kQvvQBegUIARC-Ag\">Dominic Raimondo<\/a><\/span><span class=\"uagb-tm__company\"><\/span><\/div><\/div><\/div><\/div><\/div><\/div><\/div>\n<\/div><\/div>\n\n\n\n<div class=\"wp-block-uagb-container uagb-block-0946cef4 alignfull uagb-is-root-container\"><div class=\"uagb-container-inner-blocks-wrap\">\n<div class=\"wp-block-uagb-info-box uagb-block-5a434513 uagb-infobox__content-wrap  uagb-infobox-icon-above-title uagb-infobox-image-valign-top\"><div class=\"uagb-ifb-content\"><div class=\"uagb-ifb-title-wrap\"><h2 class=\"uagb-ifb-title\"><strong>Obtenez un rapport d&#8217;\u00e9valuation de votre propri\u00e9t\u00e9&nbsp;<\/strong><\/h2><\/div><\/div><\/div>\n\n\n\n<div class=\"wp-block-uagb-container uagb-block-4b90e8df\">\n<div class=\"wp-block-uagb-container uagb-block-812313e2\">\n<div class=\"wp-block-uagb-info-box uagb-block-3d731f12 uagb-infobox__content-wrap  uagb-infobox-icon-above-title uagb-infobox-image-valign-top\"><div class=\"uagb-ifb-content\"><div class=\"uagb-ifb-icon-wrap\"><svg xmlns=\"https:\/\/www.w3.org\/2000\/svg\" viewbox=\"0 0 512 512\"><path d=\"M480 0C497.7 0 512 14.33 512 32C512 49.67 497.7 64 480 64V448C497.7 448 512 462.3 512 480C512 497.7 497.7 512 480 512H304V448H208V512H32C14.33 512 0 497.7 0 480C0 462.3 14.33 448 32 448V64C14.33 64 0 49.67 0 32C0 14.33 14.33 0 32 0H480zM112 96C103.2 96 96 103.2 96 112V144C96 152.8 103.2 160 112 160H144C152.8 160 160 152.8 160 144V112C160 103.2 152.8 96 144 96H112zM224 144C224 152.8 231.2 160 240 160H272C280.8 160 288 152.8 288 144V112C288 103.2 280.8 96 272 96H240C231.2 96 224 103.2 224 112V144zM368 96C359.2 96 352 103.2 352 112V144C352 152.8 359.2 160 368 160H400C408.8 160 416 152.8 416 144V112C416 103.2 408.8 96 400 96H368zM96 240C96 248.8 103.2 256 112 256H144C152.8 256 160 248.8 160 240V208C160 199.2 152.8 192 144 192H112C103.2 192 96 199.2 96 208V240zM240 192C231.2 192 224 199.2 224 208V240C224 248.8 231.2 256 240 256H272C280.8 256 288 248.8 288 240V208C288 199.2 280.8 192 272 192H240zM352 240C352 248.8 359.2 256 368 256H400C408.8 256 416 248.8 416 240V208C416 199.2 408.8 192 400 192H368C359.2 192 352 199.2 352 208V240zM256 288C211.2 288 173.5 318.7 162.1 360.2C159.7 373.1 170.7 384 184 384H328C341.3 384 352.3 373.1 349 360.2C338.5 318.7 300.8 288 256 288z\"><\/path><\/svg><\/div><div class=\"uagb-ifb-title-wrap\"><h3 class=\"uagb-ifb-title\"><strong>Valeur marchande<\/strong><\/h3><\/div><div class=\"uagb-ifb-separator\"><\/div><p class=\"uagb-ifb-desc\">La valeur marchande de votre propri\u00e9t\u00e9 dans le march\u00e9 actuel<\/p><\/div><\/div>\n<\/div>\n\n\n\n<div class=\"wp-block-uagb-container uagb-block-5d050932\">\n<div class=\"wp-block-uagb-info-box uagb-block-4b5aa46d uagb-infobox__content-wrap  uagb-infobox-icon-above-title uagb-infobox-image-valign-top\"><div class=\"uagb-ifb-content\"><div class=\"uagb-ifb-icon-wrap\"><svg xmlns=\"https:\/\/www.w3.org\/2000\/svg\" viewbox=\"0 0 576 512\"><path d=\"M511.8 287.6L512.5 447.7C512.5 450.5 512.3 453.1 512 455.8V472C512 494.1 494.1 512 472 512H456C454.9 512 453.8 511.1 452.7 511.9C451.3 511.1 449.9 512 448.5 512H392C369.9 512 352 494.1 352 472V384C352 366.3 337.7 352 320 352H256C238.3 352 224 366.3 224 384V472C224 494.1 206.1 512 184 512H128.1C126.6 512 125.1 511.9 123.6 511.8C122.4 511.9 121.2 512 120 512H104C81.91 512 64 494.1 64 472V360C64 359.1 64.03 358.1 64.09 357.2V287.6H32.05C14.02 287.6 0 273.5 0 255.5C0 246.5 3.004 238.5 10.01 231.5L266.4 8.016C273.4 1.002 281.4 0 288.4 0C295.4 0 303.4 2.004 309.5 7.014L416 100.7V64C416 46.33 430.3 32 448 32H480C497.7 32 512 46.33 512 64V185L564.8 231.5C572.8 238.5 576.9 246.5 575.8 255.5C575.8 273.5 560.8 287.6 543.8 287.6L511.8 287.6z\"><\/path><\/svg><\/div><div class=\"uagb-ifb-title-wrap\"><h3 class=\"uagb-ifb-title\">Comparables<\/h3><\/div><div class=\"uagb-ifb-separator\"><\/div><p class=\"uagb-ifb-desc\">Propri\u00e9t\u00e9s comparables vendues r\u00e9cemment dans votre secteur<\/p><\/div><\/div>\n<\/div>\n\n\n\n<div class=\"wp-block-uagb-container uagb-block-bbc86c04\">\n<div class=\"wp-block-uagb-info-box uagb-block-ec5a9dca uagb-infobox__content-wrap  uagb-infobox-icon-above-title uagb-infobox-image-valign-top\"><div class=\"uagb-ifb-content\"><div class=\"uagb-ifb-icon-wrap\"><svg xmlns=\"https:\/\/www.w3.org\/2000\/svg\" viewbox=\"0 0 512 512\"><path d=\"M64 400C64 408.8 71.16 416 80 416H480C497.7 416 512 430.3 512 448C512 465.7 497.7 480 480 480H80C35.82 480 0 444.2 0 400V64C0 46.33 14.33 32 32 32C49.67 32 64 46.33 64 64V400zM342.6 278.6C330.1 291.1 309.9 291.1 297.4 278.6L240 221.3L150.6 310.6C138.1 323.1 117.9 323.1 105.4 310.6C92.88 298.1 92.88 277.9 105.4 265.4L217.4 153.4C229.9 140.9 250.1 140.9 262.6 153.4L320 210.7L425.4 105.4C437.9 92.88 458.1 92.88 470.6 105.4C483.1 117.9 483.1 138.1 470.6 150.6L342.6 278.6z\"><\/path><\/svg><\/div><div class=\"uagb-ifb-title-wrap\"><h3 class=\"uagb-ifb-title\"><strong>Statistiques<\/strong><\/h3><\/div><div class=\"uagb-ifb-separator\"><\/div><p class=\"uagb-ifb-desc\">Statistiques du march\u00e9 actuel<\/p><\/div><\/div>\n<\/div>\n<\/div>\n<\/div><\/div>\n\n\n\n<figure class=\"wp-block-image size-large\"><img loading=\"lazy\" decoding=\"async\" width=\"1024\" height=\"600\" src=\"https:\/\/evaluation24h.ca\/wp-content\/uploads\/2023\/07\/VIP-Mehdi-RESEAU-1024x600.png\" alt=\"\" class=\"wp-image-453\" srcset=\"https:\/\/evaluation24h.ca\/wp-content\/uploads\/2023\/07\/VIP-Mehdi-RESEAU-1024x600.png 1024w, https:\/\/evaluation24h.ca\/wp-content\/uploads\/2023\/07\/VIP-Mehdi-RESEAU-300x176.png 300w, https:\/\/evaluation24h.ca\/wp-content\/uploads\/2023\/07\/VIP-Mehdi-RESEAU-768x450.png 768w, https:\/\/evaluation24h.ca\/wp-content\/uploads\/2023\/07\/VIP-Mehdi-RESEAU-18x12.png 18w, https:\/\/evaluation24h.ca\/wp-content\/uploads\/2023\/07\/VIP-Mehdi-RESEAU.png 1450w\" sizes=\"auto, (max-width: 1024px) 100vw, 1024px\" \/><\/figure>","protected":false},"excerpt":{"rendered":"<p>Combien pourriez-vous vendre votre propri\u00e9t\u00e9 ? Bien s\u00fbr, je serais heureux de vous rendre visite personnellement pour une \u00e9valuation pr\u00e9cise \u00e0 domicile. Obtenir mon rapport d&#8217;\u00e9valuation Veuillez remplir les informations ci-dessous pour une\u00a0\u00c9VALUATION INSTANTAN\u00c9E DE VOTRE PROPRI\u00c9T\u00c9 Que ce soit pour vendre, acheter ou investir, vous trouverez un service professionnel, droit et humain.&nbsp; N&#8217;h\u00e9sitez pas &hellip;<\/p>\n<p class=\"read-more\"> <a class=\"\" href=\"https:\/\/evaluation24h.ca\/fr_ca\/\"> <span class=\"screen-reader-text\">Home<\/span> Lire la suite\u00a0\u00bb<\/a><\/p>","protected":false},"author":1,"featured_media":0,"parent":0,"menu_order":0,"comment_status":"closed","ping_status":"closed","template":"","meta":{"_uag_custom_page_level_css":"","site-sidebar-layout":"default","site-content-layout":"plain-container","ast-global-header-display":"","ast-banner-title-visibility":"","ast-main-header-display":"","ast-hfb-above-header-display":"","ast-hfb-below-header-display":"","ast-hfb-mobile-header-display":"","site-post-title":"disabled","ast-breadcrumbs-content":"","ast-featured-img":"","footer-sml-layout":"","theme-transparent-header-meta":"enabled","adv-header-id-meta":"","stick-header-meta":"","header-above-stick-meta":"","header-main-stick-meta":"","header-below-stick-meta":"","footnotes":""},"class_list":["post-370","page","type-page","status-publish","hentry"],"uagb_featured_image_src":{"full":false,"thumbnail":false,"medium":false,"medium_large":false,"large":false,"1536x1536":false,"2048x2048":false,"trp-custom-language-flag":false},"uagb_author_info":{"display_name":"admin","author_link":"https:\/\/evaluation24h.ca\/fr_ca\/author\/admin\/"},"uagb_comment_info":0,"uagb_excerpt":"Combien pourriez-vous vendre votre propri\u00e9t\u00e9 ? Bien s\u00fbr, je serais heureux de vous rendre visite personnellement pour une \u00e9valuation pr\u00e9cise \u00e0 domicile. Obtenir mon rapport d&#8217;\u00e9valuation Veuillez remplir les informations ci-dessous pour une\u00a0\u00c9VALUATION INSTANTAN\u00c9E DE VOTRE PROPRI\u00c9T\u00c9 Que ce soit pour vendre, acheter ou investir, vous trouverez un service professionnel, droit et humain.&nbsp; N&#8217;h\u00e9sitez pas&hellip;","_links":{"self":[{"href":"https:\/\/evaluation24h.ca\/fr_ca\/wp-json\/wp\/v2\/pages\/370","targetHints":{"allow":["GET"]}}],"collection":[{"href":"https:\/\/evaluation24h.ca\/fr_ca\/wp-json\/wp\/v2\/pages"}],"about":[{"href":"https:\/\/evaluation24h.ca\/fr_ca\/wp-json\/wp\/v2\/types\/page"}],"author":[{"embeddable":true,"href":"https:\/\/evaluation24h.ca\/fr_ca\/wp-json\/wp\/v2\/users\/1"}],"replies":[{"embeddable":true,"href":"https:\/\/evaluation24h.ca\/fr_ca\/wp-json\/wp\/v2\/comments?post=370"}],"version-history":[{"count":33,"href":"https:\/\/evaluation24h.ca\/fr_ca\/wp-json\/wp\/v2\/pages\/370\/revisions"}],"predecessor-version":[{"id":479,"href":"https:\/\/evaluation24h.ca\/fr_ca\/wp-json\/wp\/v2\/pages\/370\/revisions\/479"}],"wp:attachment":[{"href":"https:\/\/evaluation24h.ca\/fr_ca\/wp-json\/wp\/v2\/media?parent=370"}],"curies":[{"name":"wp","href":"https:\/\/api.w.org\/{rel}","templated":true}]}}